{"id":62,"date":"2020-06-29T11:31:17","date_gmt":"2020-06-29T09:31:17","guid":{"rendered":"https:\/\/followthescore.org\/schueler-labor\/?page_id=62"},"modified":"2020-07-02T21:49:44","modified_gmt":"2020-07-02T19:49:44","slug":"entwuerfe-vergleichen","status":"publish","type":"page","link":"https:\/\/followthescore.org\/schueler-labor\/entwuerfe-vergleichen\/","title":{"rendered":"Entw\u00fcrfe vergleichen"},"content":{"rendered":"\n<p>Es gibt recht interessante Gebilde aus St\u00e4ben und verspannten Seilen, die unter dem Namen TENSEGRITY im Web zu finden sind. Der Name stammt von dem Architekten <em><a href=\"https:\/\/de.wikipedia.org\/wiki\/Richard_Buckminster_Fuller\">Buckminster Fuller<\/a><\/em>, erfunden wurde das erste Objekt dieser Art von <em><a href=\"https:\/\/de.wikipedia.org\/wiki\/Kenneth_Snelson\">Kenneth Snelson<\/a><\/em>.<\/p>\n\n\n\n<figure class=\"wp-block-image size-large\"><img loading=\"lazy\" width=\"946\" height=\"1024\" src=\"https:\/\/followthescore.org\/schueler-labor\/wp-content\/uploads\/2020\/07\/tensitree-946x1024.jpg\" alt=\"\" class=\"wp-image-87\" srcset=\"https:\/\/followthescore.org\/schueler-labor\/wp-content\/uploads\/2020\/07\/tensitree-946x1024.jpg 946w, https:\/\/followthescore.org\/schueler-labor\/wp-content\/uploads\/2020\/07\/tensitree-277x300.jpg 277w, https:\/\/followthescore.org\/schueler-labor\/wp-content\/uploads\/2020\/07\/tensitree-768x831.jpg 768w, https:\/\/followthescore.org\/schueler-labor\/wp-content\/uploads\/2020\/07\/tensitree-1419x1536.jpg 1419w, https:\/\/followthescore.org\/schueler-labor\/wp-content\/uploads\/2020\/07\/tensitree-1892x2048.jpg 1892w, https:\/\/followthescore.org\/schueler-labor\/wp-content\/uploads\/2020\/07\/tensitree-300x325.jpg 300w, https:\/\/followthescore.org\/schueler-labor\/wp-content\/uploads\/2020\/07\/tensitree-850x920.jpg 850w\" sizes=\"(max-width: 946px) 100vw, 946px\" \/><figcaption><em><span style=\"color:#47484f\" class=\"has-inline-color\">Ein Tensegrity mit vier Nylonf\u00e4den und zwei versteckten Magneten. <\/span><\/em><br><em><span style=\"color:#47484f\" class=\"has-inline-color\">Es ist stark genug, um den kleinen Baum zu tragen.<\/span><\/em><\/figcaption><\/figure>\n\n\n\n<hr class=\"wp-block-separator\"\/>\n\n\n\n<p>Gro\u00dfe Tensegrities werden aus Holz, Aluminium oder Stahl gebaut. Es gibt aber auch zahlreiche Leute, die sich 3D-Druck-Modelle f\u00fcr ein Tensegrity ausgedacht haben. Suche m\u00f6glichst viele unterschiedliche Designs und stelle Vergleiche an:<\/p>\n\n\n\n<ul><li>Wie elegant\/optisch ansprechend ist der jeweilige Entwurf?<\/li><li>F\u00fcr wie stabil h\u00e4ltst die einzelnen Modelle?<\/li><li>Wie haben sie das Anbringen der Seile\/F\u00e4den gel\u00f6st?<\/li><li>Ben\u00f6tigt das jeweilige Modell Support beim Drucken?<\/li><li>Wie gro\u00df ist der manuelle Montageaufwand jeweils?<\/li><li>\u00fcberlege dir weitere Kriterien &#8230;<\/li><\/ul>\n\n\n\n<p>Erstelle hier in dieser WordPress-Website einen neuen Beitrag unter dem Titel &#8222;Tensegrity&#8220;, in dem du die einzelnen Modelle vorstellst und ihre Eigenschaften miteinander vergleichst. Versuche eine m\u00f6glichst professionelle &#8222;Produktbewertung&#8220; zu verfassen, etwa so, wie es Vergleichsportale oder die Stiftung Warentest machen. <\/p>\n\n\n\n<p>F\u00fcr welches Modell w\u00fcrdest du dich entscheiden, um es zu drucken und auszuprobieren?<\/p>\n\n\n\n<p>Lade das Modell deiner Wahl herunter, \u00f6ffne es mit Cura, skaliere es so, dass der Druck nicht zu lange dauert (ca. 8 cm Kantenl\u00e4nge). Speichere das Modell (STL) und den GCODE auf einem Stick und bring ihn zum n\u00e4chsten Treffen mit.<\/p>\n\n\n\n<p>Und: <strong>Entwirf dein eigenes Tensegrity mit onshape.com.<\/strong> Du kannst auch auf irgendeiner Fl\u00e4che deinen Namen als &#8222;Signatur&#8220; hinzuf\u00fcgen. Oder du erfindest ein spezielles <strong>Logo f\u00fcr das Sch\u00fcler-Labor Bad Nauheim<\/strong>, mit dem wir alle unsere eigenen Entw\u00fcrfe kennzeichnen.<\/p>\n\n\n\n<p>Ach ja, du solltest es auf keinen Fall vers\u00e4umen, die <a data-jzz-gui-player=\"true\" href=\"http:\/\/kennethsnelson.net\/animations\/\">Animationen von Kenneth Snelson<\/a> anzusehen&#8230;<\/p>\n","protected":false},"excerpt":{"rendered":"<p>Es gibt recht interessante Gebilde aus St\u00e4ben und verspannten Seilen, die unter dem Namen TENSEGRITY im Web zu finden sind. Der Name stammt von dem Architekten Buckminster Fuller, erfunden wurde das erste Objekt dieser Art von Kenneth Snelson. Gro\u00dfe Tensegrities werden aus Holz, Aluminium oder Stahl gebaut. Es gibt aber auch zahlreiche Leute, die sich&hellip; <a class=\"more-link\" href=\"https:\/\/followthescore.org\/schueler-labor\/entwuerfe-vergleichen\/\"><span class=\"screen-reader-text\">Entw\u00fcrfe vergleichen<\/span> weiterlesen<\/a><\/p>\n","protected":false},"author":1,"featured_media":0,"parent":0,"menu_order":0,"comment_status":"closed","ping_status":"closed","template":"","meta":[],"_links":{"self":[{"href":"https:\/\/followthescore.org\/schueler-labor\/wp-json\/wp\/v2\/pages\/62"}],"collection":[{"href":"https:\/\/followthescore.org\/schueler-labor\/wp-json\/wp\/v2\/pages"}],"about":[{"href":"https:\/\/followthescore.org\/schueler-labor\/wp-json\/wp\/v2\/types\/page"}],"author":[{"embeddable":true,"href":"https:\/\/followthescore.org\/schueler-labor\/wp-json\/wp\/v2\/users\/1"}],"replies":[{"embeddable":true,"href":"https:\/\/followthescore.org\/schueler-labor\/wp-json\/wp\/v2\/comments?post=62"}],"version-history":[{"count":9,"href":"https:\/\/followthescore.org\/schueler-labor\/wp-json\/wp\/v2\/pages\/62\/revisions"}],"predecessor-version":[{"id":95,"href":"https:\/\/followthescore.org\/schueler-labor\/wp-json\/wp\/v2\/pages\/62\/revisions\/95"}],"wp:attachment":[{"href":"https:\/\/followthescore.org\/schueler-labor\/wp-json\/wp\/v2\/media?parent=62"}],"curies":[{"name":"wp","href":"https:\/\/api.w.org\/{rel}","templated":true}]}}