{"id":51,"date":"2020-06-29T09:29:55","date_gmt":"2020-06-29T07:29:55","guid":{"rendered":"https:\/\/followthescore.org\/schueler-labor\/?page_id=51"},"modified":"2020-08-13T22:01:21","modified_gmt":"2020-08-13T20:01:21","slug":"uebungen","status":"publish","type":"page","link":"https:\/\/followthescore.org\/schueler-labor\/uebungen\/","title":{"rendered":"\u00dcbungen"},"content":{"rendered":"\n<h2>Aufgabe Nr. 1<\/h2>\n\n\n\n<p>Melde dich bei <em>onshape.com<\/em> an und arbeite ein oder zwei Tutorials zur Einf\u00fchrung durch.<\/p>\n\n\n\n<p>Entwirf einen kleinen Quader-f\u00f6rmigen K\u00f6rper, 5cm lang, 3cm breit, 5 mm hoch.<\/p>\n\n\n\n<p>Setze auf die obere Fl\u00e4che deine Initialen als erhabene Buchstaben. Konstruiere die Buchstaben selbst, verwende also nicht die Funktion, mit der Onshape Texte erzeugen kann. Stelle die Buchstaben nicht einfach nur nebeneinander, sondern entwirf ein Monogramm. <br>Vielleicht willst du die Buchstaben nicht nur in der waagrechten Ebene miteinander kombinieren? Du k\u00f6nntest sie auch auch in der H\u00f6he versetzen, aufeinander stapeln oder kippen&#8230;<\/p>\n\n\n\n<p>Exportiere das Ergebnis deiner Arbeit als STL Datei und \u00f6ffne diese Datei auf deinem PC mit <em>Ultimaker Cura<\/em>. Starte den Slicing-Prozess und sieh dir das Ergebnis im PREVIEW-Modus an. Ben\u00f6tigt dein Modell Support? Falls ja: Wird er leicht zu entfernen sein? Kannst du ihn vermeiden? Wie lange dauert es, dein Modell zu drucken? Wie viel wiegt es? Wie kannst du feststellen, ob das vorhandene Material auf der Spule ausreicht, um das Modell zu drucken? Wie hoch sind die Materialkosten f\u00fcr dein Modell (sieh im Web nach, was 1kg PLA in etwa kostet&#8230;).<\/p>\n\n\n\n<p>Speichere die STL-Datei und den erzeugten GCODE auf einer SD-Karte (klassisches Format oder Micro-SD mit Jacket). Beschrifte die SD-Karte mit deinem Namen und bring sie zum n\u00e4chsten Treffen mit.<\/p>\n\n\n\n<h2>Aufgabe Nr. 2<\/h2>\n\n\n\n<p>Schau dir das folgende Video an: <\/p>\n\n\n\n<p><a href=\"https:\/\/www.youtube.com\/watch?v=F_T_tMMpWjQ\">https:\/\/www.youtube.com\/watch?v=F_T_tMMpWjQ<\/a><\/p>\n\n\n\n<p>Konstruiere es in ONSHAPE nach und drucke aus. Vergiss nicht. die Kanten zu verrunden! Sind die drei Teile identisch? Muss man Toleranzen vorsehen, damit die Teile gut ineinander gleiten?<\/p>\n\n\n\n<h2>Aufgabe Nr. 3<\/h2>\n\n\n\n<p>Es wird bald Weihnachten \ud83d\ude09 Eine Menge Leute haben Formen zum Kekse-Ausstechen konstruiert.<\/p>\n\n\n\n<p>Schau das folgende Beispiel an, das eine sechseckige Form ausstechen soll.<\/p>\n\n\n\n<p><a href=\"https:\/\/cad.onshape.com\/documents\/c1f375e9faa821afab0944c2\/w\/15232dc577a7df967b5f38dc\/e\/b6d514d12af2b29361687e19\">https:\/\/cad.onshape.com\/documents\/c1f375e9faa821afab0944c2\/w\/15232dc577a7df967b5f38dc\/e\/b6d514d12af2b29361687e19<\/a><\/p>\n\n\n\n<p>Dieses Modell hat <strong>zahlreiche M\u00e4ngel<\/strong>. Erkennst du sie?<\/p>\n\n\n\n<p>Finde bessere Modelle, indem du im \u00f6ffentlichen Bereich von <em>Onshape<\/em> nach <em>cookie stamp<\/em> oder<em> cookie cutter <\/em>suchst. Du kannst es auch mit deutschen Suchbegriffen probieren, wie etwa <em>Ausstecher<\/em>. Sieh dir 10 oder 20 Beispiele genau an und stelle dann einen Katalog von <strong>guten Konstruktionsmerkmalen<\/strong> f\u00fcr cookie cutter auf.<\/p>\n\n\n\n<p>Wende deine Erkenntnisse an und konstruiere einen brauchbaren cookie cutter f\u00fcr eine sechseckige Form!<\/p>\n\n\n\n<p>Aufgabe Nr. 4<\/p>\n\n\n\n<p>Such dir hier <a href=\"https:\/\/www.youtube.com\/watch?v=fVfitANJt9I\">https:\/\/www.youtube.com\/watch?v=fVfitANJt9I<\/a> ein Puzzle aus und baue es nach!<\/p>\n\n\n\n<p>Suche bei Interesse nach zus\u00e4tzlichen Quellen, etwa zum <a href=\"https:\/\/mathworld.wolfram.com\/Stomachion.html\">Archimedes-Puzzle<\/a>!<\/p>\n\n\n\n<p> <\/p>\n","protected":false},"excerpt":{"rendered":"<p>Aufgabe Nr. 1 Melde dich bei onshape.com an und arbeite ein oder zwei Tutorials zur Einf\u00fchrung durch. Entwirf einen kleinen Quader-f\u00f6rmigen K\u00f6rper, 5cm lang, 3cm breit, 5 mm hoch. Setze auf die obere Fl\u00e4che deine Initialen als erhabene Buchstaben. Konstruiere die Buchstaben selbst, verwende also nicht die Funktion, mit der Onshape Texte erzeugen kann. Stelle&hellip; <a class=\"more-link\" href=\"https:\/\/followthescore.org\/schueler-labor\/uebungen\/\"><span class=\"screen-reader-text\">\u00dcbungen<\/span> weiterlesen<\/a><\/p>\n","protected":false},"author":1,"featured_media":0,"parent":0,"menu_order":0,"comment_status":"closed","ping_status":"closed","template":"","meta":[],"_links":{"self":[{"href":"https:\/\/followthescore.org\/schueler-labor\/wp-json\/wp\/v2\/pages\/51"}],"collection":[{"href":"https:\/\/followthescore.org\/schueler-labor\/wp-json\/wp\/v2\/pages"}],"about":[{"href":"https:\/\/followthescore.org\/schueler-labor\/wp-json\/wp\/v2\/types\/page"}],"author":[{"embeddable":true,"href":"https:\/\/followthescore.org\/schueler-labor\/wp-json\/wp\/v2\/users\/1"}],"replies":[{"embeddable":true,"href":"https:\/\/followthescore.org\/schueler-labor\/wp-json\/wp\/v2\/comments?post=51"}],"version-history":[{"count":10,"href":"https:\/\/followthescore.org\/schueler-labor\/wp-json\/wp\/v2\/pages\/51\/revisions"}],"predecessor-version":[{"id":110,"href":"https:\/\/followthescore.org\/schueler-labor\/wp-json\/wp\/v2\/pages\/51\/revisions\/110"}],"wp:attachment":[{"href":"https:\/\/followthescore.org\/schueler-labor\/wp-json\/wp\/v2\/media?parent=51"}],"curies":[{"name":"wp","href":"https:\/\/api.w.org\/{rel}","templated":true}]}}