{"id":48,"date":"2020-06-29T09:14:01","date_gmt":"2020-06-29T07:14:01","guid":{"rendered":"https:\/\/followthescore.org\/schueler-labor\/?page_id=48"},"modified":"2020-06-29T11:56:58","modified_gmt":"2020-06-29T09:56:58","slug":"3d-druck-grundlagen","status":"publish","type":"page","link":"https:\/\/followthescore.org\/schueler-labor\/3d-druck-grundlagen\/","title":{"rendered":"3D-Druck &#8211; Grundlagen"},"content":{"rendered":"\n<p>Es gibt viele gute Seiten im Web, auf denen erkl\u00e4rt wird, wie 3D-Druck funktioniert. Suche danach und lies viel, schau auch ein paar Videos an.<\/p>\n\n\n\n<p><strong>Hinterher solltest du folgende Fragen beantworten k\u00f6nnen:<\/strong><\/p>\n\n\n\n<p>Was ist ein Filament?<\/p>\n\n\n\n<p>Was ist der Unterschied zwischen ABS und PLA?<\/p>\n\n\n\n<p>Mit welcher Schichtdicke wird normalerweise gedruckt?<\/p>\n\n\n\n<p>Was ist ein Extruder?<\/p>\n\n\n\n<p>Wie lange dauert es ungef\u00e4hr, eine d\u00fcnne, quadratische Platte zu drucken (10cm Seitenl\u00e4nge, 1mm dick)?<\/p>\n\n\n\n<p>Welche 3D-Drucker gibt es im Hobby-Bereich (unter 500\u20ac)? Welche Genauigkeit darf man von ihnen erwarten? Welchen Bauraum bieten sie?<\/p>\n\n\n\n<p>Was ist Slicing-Software?<\/p>\n\n\n\n<p>Was bedeutet die Abk\u00fcrzung STL? Und wie h\u00e4ngt STL mit GCODE zusammen?<\/p>\n\n\n\n<p>Auf welchen Webseiten findet man Gratis-3D-Modelle zum Download und Ausdrucken?<\/p>\n\n\n\n<p>Was ist Support? Warum braucht man ihn, warum versucht man ihn zu vermeiden?<\/p>\n\n\n\n<p>Was ist der Unterschied zwischen Skirt und Brim?<\/p>\n\n\n\n<p>Warum ist die Druckplatte beheizt?<\/p>\n\n\n\n<p>Was ist Warping und warum entsteht es manchmal?<\/p>\n\n\n\n<p>Warum druckt man den ersten Layer langsamer als die anderen?<\/p>\n\n\n\n<p>Wie justiert man die Druckplatte in der H\u00f6he? Woran erkennt man, ob die Justierung gut gelungen ist?<\/p>\n\n\n\n<p>Wie lange sollte man warten, bevor man das fertig gedruckte Modell von der Druckplatte abl\u00f6st?<\/p>\n\n\n\n<p><\/p>\n","protected":false},"excerpt":{"rendered":"<p>Es gibt viele gute Seiten im Web, auf denen erkl\u00e4rt wird, wie 3D-Druck funktioniert. Suche danach und lies viel, schau auch ein paar Videos an. Hinterher solltest du folgende Fragen beantworten k\u00f6nnen: Was ist ein Filament? Was ist der Unterschied zwischen ABS und PLA? Mit welcher Schichtdicke wird normalerweise gedruckt? Was ist ein Extruder? Wie&hellip; <a class=\"more-link\" href=\"https:\/\/followthescore.org\/schueler-labor\/3d-druck-grundlagen\/\"><span class=\"screen-reader-text\">3D-Druck &#8211; Grundlagen<\/span> weiterlesen<\/a><\/p>\n","protected":false},"author":1,"featured_media":0,"parent":0,"menu_order":0,"comment_status":"closed","ping_status":"closed","template":"","meta":[],"_links":{"self":[{"href":"https:\/\/followthescore.org\/schueler-labor\/wp-json\/wp\/v2\/pages\/48"}],"collection":[{"href":"https:\/\/followthescore.org\/schueler-labor\/wp-json\/wp\/v2\/pages"}],"about":[{"href":"https:\/\/followthescore.org\/schueler-labor\/wp-json\/wp\/v2\/types\/page"}],"author":[{"embeddable":true,"href":"https:\/\/followthescore.org\/schueler-labor\/wp-json\/wp\/v2\/users\/1"}],"replies":[{"embeddable":true,"href":"https:\/\/followthescore.org\/schueler-labor\/wp-json\/wp\/v2\/comments?post=48"}],"version-history":[{"count":7,"href":"https:\/\/followthescore.org\/schueler-labor\/wp-json\/wp\/v2\/pages\/48\/revisions"}],"predecessor-version":[{"id":69,"href":"https:\/\/followthescore.org\/schueler-labor\/wp-json\/wp\/v2\/pages\/48\/revisions\/69"}],"wp:attachment":[{"href":"https:\/\/followthescore.org\/schueler-labor\/wp-json\/wp\/v2\/media?parent=48"}],"curies":[{"name":"wp","href":"https:\/\/api.w.org\/{rel}","templated":true}]}}