{"id":2,"date":"2020-06-10T14:50:48","date_gmt":"2020-06-10T12:50:48","guid":{"rendered":"https:\/\/followthescore.org\/schueler-labor\/?page_id=2"},"modified":"2021-01-11T14:08:44","modified_gmt":"2021-01-11T13:08:44","slug":"konzept","status":"publish","type":"page","link":"https:\/\/followthescore.org\/schueler-labor\/","title":{"rendered":"Konzept"},"content":{"rendered":"\n<div class=\"wp-block-image is-style-rounded\"><figure class=\"alignright size-large is-resized\"><img loading=\"lazy\" src=\"https:\/\/followthescore.org\/schueler-labor\/wp-content\/uploads\/2020\/06\/gears.jpg\" alt=\"\" class=\"wp-image-21\" width=\"214\" height=\"214\" srcset=\"https:\/\/followthescore.org\/schueler-labor\/wp-content\/uploads\/2020\/06\/gears.jpg 320w, https:\/\/followthescore.org\/schueler-labor\/wp-content\/uploads\/2020\/06\/gears-300x300.jpg 300w, https:\/\/followthescore.org\/schueler-labor\/wp-content\/uploads\/2020\/06\/gears-150x150.jpg 150w\" sizes=\"(max-width: 214px) 100vw, 214px\" \/><\/figure><\/div>\n\n\n\n<p>Das Bildungsgangebot deutscher Schulen konzentriert sich auf den Kopf und auf die &#8222;ewigen Werte&#8220;. Es gibt aber noch viele andere tolle Dinge, die in der Schule keinen Platz finden.<\/p>\n\n\n\n<p>Ich war in meinem beruflichen Leben ziemlich erfolgreich &#8211; und ich bin fest davon \u00fcberzeugt, dass die vielen Stunden dazu wesentlich beigetragen haben, die ich als Kind im Werkkeller meines Vaters verbringen durfte.<\/p>\n\n\n\n<p>Ich nehme diese Erinnerungen zum Anlass, einigen ausgew\u00e4hlten Sch\u00fclern aus Bad Nauheim die M\u00f6glichkeit zu bieten, in ihrer Freizeit neue Technologien kennenzulernen und neben dem Kopf auch die H\u00e4nde zu benutzen.<\/p>\n\n\n\n<p>Konkret biete ich an, kleine Projekte mit einem<strong> 3D-Drucker <\/strong>durchzuf\u00fchren oder etwas mit einem Klein-Computer zu basteln (<strong>Arduino, Raspberry Pi<\/strong>) und dabei auch mit Holz und Metall zu arbeiten. Die Sch\u00fcler k\u00f6nnen ihre Werke hier auf dieser Website selbst vorstellen.<\/p>\n\n\n\n<p>Ich bin Informatiker im Ruhestand; ich habe in einer Bank und in mehreren Softwareh\u00e4usern gearbeitet, war auch einige Jahre selbst\u00e4ndig. Meine Frau und ich haben drei erwachsene Kinder, die teilweise in Bad Nauheim zur Schule gegangen sind. Ich engagiere mich ehrenamtlich, war mehrere Jahre lang Lese-Opa im Kindergarten in Steinfurth und habe etliche Wahlkurse an der ELS durchgef\u00fchrt. Neben der Freude an den Enkeln ist mir auch Musik sehr wichtig (ich spiele in der Stadtkapelle Friedberg Waldhorn). F\u00fcr den Senior-Expert-Service war ich vor einiger Zeit in Kolumbien, um dort mit meinem Software-Wissen zu helfen. Zuletzt habe ich einer Lehrerin hier an der Waldorfschule geholfen, eine Website aufzubauen, um den Mathe-Unterricht w\u00e4hrend der Korona-Zeit ins Web zu verlagern.<\/p>\n\n\n\n<p>Wenn Ihre Tochter oder Ihr Sohn sich f\u00fcr mein Angebot interessiert und nicht in der Schule &#8222;ums \u00dcberleben k\u00e4mpft&#8220;, sondern dar\u00fcber hinaus   Interessen und freie Kapazit\u00e4ten hat, dann w\u00fcrde ich mich \u00fcber einen Anruf freuen!<\/p>\n\n\n\n<p>Dr. Gero Scholz<br>Jahnstr. 25<br>61231 Bad Nauheim<br>06032 \/ 700 565<\/p>\n\n\n\n<p><\/p>\n","protected":false},"excerpt":{"rendered":"<p>Das Bildungsgangebot deutscher Schulen konzentriert sich auf den Kopf und auf die &#8222;ewigen Werte&#8220;. Es gibt aber noch viele andere tolle Dinge, die in der Schule keinen Platz finden. Ich war in meinem beruflichen Leben ziemlich erfolgreich &#8211; und ich bin fest davon \u00fcberzeugt, dass die vielen Stunden dazu wesentlich beigetragen haben, die ich als&hellip; <a class=\"more-link\" href=\"https:\/\/followthescore.org\/schueler-labor\/\"><span class=\"screen-reader-text\">Konzept<\/span> weiterlesen<\/a><\/p>\n","protected":false},"author":1,"featured_media":0,"parent":0,"menu_order":0,"comment_status":"closed","ping_status":"closed","template":"","meta":[],"_links":{"self":[{"href":"https:\/\/followthescore.org\/schueler-labor\/wp-json\/wp\/v2\/pages\/2"}],"collection":[{"href":"https:\/\/followthescore.org\/schueler-labor\/wp-json\/wp\/v2\/pages"}],"about":[{"href":"https:\/\/followthescore.org\/schueler-labor\/wp-json\/wp\/v2\/types\/page"}],"author":[{"embeddable":true,"href":"https:\/\/followthescore.org\/schueler-labor\/wp-json\/wp\/v2\/users\/1"}],"replies":[{"embeddable":true,"href":"https:\/\/followthescore.org\/schueler-labor\/wp-json\/wp\/v2\/comments?post=2"}],"version-history":[{"count":12,"href":"https:\/\/followthescore.org\/schueler-labor\/wp-json\/wp\/v2\/pages\/2\/revisions"}],"predecessor-version":[{"id":392,"href":"https:\/\/followthescore.org\/schueler-labor\/wp-json\/wp\/v2\/pages\/2\/revisions\/392"}],"wp:attachment":[{"href":"https:\/\/followthescore.org\/schueler-labor\/wp-json\/wp\/v2\/media?parent=2"}],"curies":[{"name":"wp","href":"https:\/\/api.w.org\/{rel}","templated":true}]}}