{"id":233,"date":"2020-03-24T21:20:00","date_gmt":"2020-03-24T20:20:00","guid":{"rendered":"https:\/\/followthescore.org\/mathe-mit-susi\/?page_id=233"},"modified":"2020-04-15T12:05:44","modified_gmt":"2020-04-15T11:05:44","slug":"about","status":"publish","type":"page","link":"https:\/\/followthescore.org\/mathe-mit-susi\/about\/","title":{"rendered":"About &#038; Presse"},"content":{"rendered":"\n<p>Vorab ein Zeitungsartikel \u00fcber unsere Homepage, der am 9.4. in der Wetterauer Zeitung erschien:<\/p>\n\n\n\n<div class=\"wp-block-file\"><a href=\"https:\/\/followthescore.org\/mathe-mit-susi\/wp-content\/uploads\/2020\/04\/WZ-2020-04-09.pdf\"><br>WZ-2020-04-09<\/a><a href=\"https:\/\/followthescore.org\/mathe-mit-susi\/wp-content\/uploads\/2020\/04\/WZ-2020-04-09.pdf\" class=\"wp-block-file__button\" download>Herunterladen<\/a><\/div>\n\n\n\n<p><\/p>\n\n\n\n<p>Im Folgenden erkl\u00e4ren wir auf dieser Seite, wie diese Website funktioniert.<\/p>\n\n\n\n<h3 class=\"wp-block-heading\">Plattform<\/h3>\n\n\n\n<p>Wir benutzen <em>WordPress<\/em> als technische Plattform f\u00fcr diese Website. <em>WordPress<\/em> ist ein sehr popul\u00e4res System f\u00fcr die Ver\u00f6ffentlichung von Blogs. In unserem Fall beschreiben die einzelnen Beitr\u00e4ge (oder &#8222;Posts&#8220;) <em>Unterrichtseinheiten<\/em>, also Lektionen.<\/p>\n\n\n\n<p>Alternativ k\u00f6nnten wir <em>moodle<\/em> benutzen, aber das ist aufwendiger in der Installation und etwas komplizierter in der Bedienung. Viele Universit\u00e4ten setzen <em>moodle<\/em> ein.<\/p>\n\n\n\n<h3 class=\"wp-block-heading\">Beitr\u00e4ge \/ Lektionen<\/h3>\n\n\n\n<p>Beitr\u00e4ge sind die wichtigsten Elemente der Website. Sie enthalten Materialien f\u00fcr den Unterricht, also &#8222;Lektionen&#8220;.<\/p>\n\n\n\n<p>Jede Lektion geh\u00f6rt zu einem bestimmten <strong>Fach<\/strong> (z.B. Mathe), richtet sich an eine bestimmte <strong>Klasse<\/strong> und findet zu einem bestimmten <strong>Zeitpunkt<\/strong> (Woche, Tag) statt.<\/p>\n\n\n\n<h3 class=\"wp-block-heading\">Seiten<\/h3>\n\n\n\n<p>&#8222;Seiten&#8220; sind Elemente der Website, die jederzeit direkt verf\u00fcgbar sein sollen und \u00fcbergreifende Informationen anbieten. Beispiele sind die allgemeine Begr\u00fc\u00dfungsseite, die Einstiegsseite f\u00fcr jede Klasse (d.h. ihr Stundenplan) und allgemeine Hilfestellungen, wie etwa die vorliegende Seite (&#8222;<em>About<\/em>&#8222;).<\/p>\n\n\n\n<h3 class=\"wp-block-heading\">Lektionen filtern<\/h3>\n\n\n\n<p>Stellt man sich vor, dass auf einer Website vielleicht der Unterricht f\u00fcr ein ganzes Jahr, f\u00fcr 10 Klassen und 10 F\u00e4cher hinterlegt ist, dann k\u00f6nnen schnell 5000 Lektionen zusammenkommen.<\/p>\n\n\n\n<p>Damit jeder nur das sieht, was ihn betrifft und gerade interessiert, gibt es zwei Konzepte: <em>Berechtigungen<\/em> und <em>Kategorien<\/em>.<\/p>\n\n\n\n<h3 class=\"wp-block-heading\">Berechtigungen<\/h3>\n\n\n\n<p>Sie sorgen daf\u00fcr, dass jede Klasse nur zu den eigenen Lektionen Zugang hat. Voraussetzung daf\u00fcr ist, dass man sich mit dem Namen der Klasse und einem Passwort anmeldet.<\/p>\n\n\n\n<p>Wir haben daf\u00fcr Benutzer<em>-Rollen<\/em> definiert. Bei jeder Lektion legen wir fest, dass sie nur f\u00fcr die Inhaber bestimmter Rollen sichtbar ist. Beispiel: Der Benutzer &#8222;10a&#8220; besitzt die Rolle &#8222;10a&#8220; und kann deswegen nur Lektionen sehen, die f\u00fcr die Rolle &#8222;10a&#8220; freigegeben sind. Manche Beitr\u00e4ge sind f\u00fcr mehrere Rollen zug\u00e4nglich oder ganz \u00f6ffentlich, also ohne Login zug\u00e4nglich. Man k\u00f6nnte auch Benutzer einrichten, die mehrere Rollen besitzen, aber das ben\u00f6tigen wir im Moment nicht.<\/p>\n\n\n\n<h3 class=\"wp-block-heading\">Kategorien<\/h3>\n\n\n\n<p>Kategorien ordnen jeder <em>Lektion<\/em> ein <em>Fach<\/em>, eine <em>Klasse<\/em> und einen <em>Zeitpunkt<\/em> zu. \u00dcber die Einstiegsseite w\u00e4hlt man eine bestimmte <em>Kombination<\/em> von Kategorien aus und sieht dann nur noch die dazu passenden Lektionen, also z.B. die Mathe-Lektionen der Klasse 9b f\u00fcr die aktuelle Woche . Man kann aber auch die Inhalte vergangener Wochen ansehen.<\/p>\n\n\n\n<p>Kategorien sind hierarchisch organisiert:<\/p>\n\n\n\n<ul class=\"wp-block-list\"><li>Der <em>Zeitpunkt<\/em> besteht aus dem <em>Jahr<\/em> (2020) und den <em>Kalenderwochen<\/em>, in denen Unterricht stattfindet.<\/li><li>Das <em>Fach<\/em> (Mathe) wird in <em>Themen<\/em> untergliedert, wie etwa Algebra oder Geometrie.<\/li><li>Die Klassen k\u00f6nnen zu <em>Jahrgangsstufen<\/em> zusammengefasst werden und bilden in Summe die ganze <em>Schule<\/em>.<\/li><\/ul>\n\n\n\n<h3 class=\"wp-block-heading\"> Tags<\/h3>\n\n\n\n<p><em>Tags<\/em> (englisch) sind Schl\u00fcsselworte, mit denen man eine Lektion zus\u00e4tzlich kennzeichnen kann, z.B. als <em>Erkl\u00e4rung<\/em>, <em>Aufgabensammlung<\/em> oder <em>Klausur<\/em>. Es wird demn\u00e4chst eine M\u00f6glichkeit geben, gezielt nach <em>Tags<\/em> zu suchen, also z.B. alle \u00dcbungsklausuren zu finden.<\/p>\n\n\n\n<h3 class=\"wp-block-heading\">Inhalte<\/h3>\n\n\n\n<p>Die Inhalte der Lektionen k\u00f6nnen &#8230; <\/p>\n\n\n\n<ul class=\"wp-block-list\"><li>direkt im Text stehen<\/li><li>in einem Dokument (Bild, pdf) enthalten sein, das auf dieser Webseite hinterlegt ist<\/li><li>in einem Youtube-Video liegen, das wir erstellt haben und auf das wir verweisen<\/li><li>sich auf einer fremden Webseite befinden, die gut zu unserer Lektion passt und zu der wir deshalb einen Link anbieten<\/li><\/ul>\n\n\n\n<h3 class=\"wp-block-heading\">Kommentare<\/h3>\n\n\n\n<p>Ein Blog-System wie WordPress erlaubt es angemeldeten Benutzern, Kommentare zu Lektionen abzugeben. Diese technische M\u00f6glichkeit wollen wir f\u00fcr kl\u00e4rende Fragen und Antworten benutzen.<\/p>\n\n\n\n<h3 class=\"wp-block-heading\">Plugins<\/h3>\n\n\n\n<p>Der Funktionsumfang von <em>WordPress<\/em> kann erweitert werden, indem man sog. <em>Plugins<\/em> installiert. Wir benutzen einige:<\/p>\n\n\n\n<h4 class=\"wp-block-heading\">KaTeX<\/h4>\n\n\n\n<p>Dieses Plugin erleichtert die Eingabe mathematischer Formeln. Es benutzt dazu die weltweit verbreitete TeX-Notation von Donald Knuth.<\/p>\n\n\n\n<h4 class=\"wp-block-heading\">Members<\/h4>\n\n\n\n<p>Damit steuern wir die Berechtigungen. Wir definieren f\u00fcr jede Klasse eine Rolle und ordnen die Sichtbarkeit der Beitr\u00e4ge der jeweils passenden Rolle zu. Wenn sich ein Benutzer anmeldet, hat er automatische eine bestimmte Rolle. Derzeit haben wir je Schulklasse einen einheitlichen Benutzer. Es gibt also einen Benutzer &#8222;10a&#8220;, der die Rolle &#8222;10a&#8220; besitzt. Wir k\u00f6nnten aber auch f\u00fcr jeden Sch\u00fcler eine eigene Benutzerkennung einrichten. Dann w\u00fcrden wir der Benutzerkennung die Klasse des jeweiligen Sch\u00fclers zuordnen.<\/p>\n\n\n\n<h4 class=\"wp-block-heading\">Peter&#8217;s Login Redirect<\/h4>\n\n\n\n<p>Mit diesem Plugin stellen wir ein, dass die Benutzer bestimmter Kennungen nach dem Login direkt auf eine bestimmte Seite weitergeleitet werden. Konkret wird der Benutzer &#8222;10a&#8220; auf die Seite &#8222;10a&#8220; umgeleitet. Dort findet er eine Liste der Kalenderwochen mit Verweisen auf die Fachinhalte, also sozusagen seinen <em>Stundenplan<\/em>. Die Stundenplan-Seite jeder Klasse ist auch direkt im Hauptmen\u00fc erreichbar.<\/p>\n\n\n\n<h4 class=\"wp-block-heading\"> Post Types Order<\/h4>\n\n\n\n<p>Dieses Plugin erlaubt es dem Verfasser von Lektionen (Beitr\u00e4gen, Posts), eine sinnvolle Lesereihenfolge vorzugeben. Wir ordnen die Lektionen mit diesem Plugin nach Klassen und Zeitpunkt an, so dass innerhalb jeder Klasse die j\u00fcngsten Beitr\u00e4ge weiter oben stehen.<\/p>\n\n\n\n<h4 class=\"wp-block-heading\">Simple History<\/h4>\n\n\n\n<p>Dieses Plugin zeigt dem Verfasser einen \u00dcberblick \u00fcber die \u00c4nderungen der letzten Tage.<\/p>\n\n\n\n<h4 class=\"wp-block-heading\">Slimstat Analytics<\/h4>\n\n\n\n<p>Dieses Plugin erstellt Statistiken \u00fcber die Benutzung der Website.<\/p>\n\n\n\n<h3 class=\"wp-block-heading\">Redaktion \/ V.i.S.d.P<\/h3>\n\n\n\n<p>Die Inhalte dieser Website werden von Susanne Stein (Lehrerin an der Freien Waldorfschule Wetterau) erstellt.<\/p>\n\n\n\n<p>Bei der Installation und Konfiguration der technischen Plattform wird sie von Gero Scholz (gero.scholz@gmail.com) unterst\u00fctzt.<\/p>\n\n\n\n<p>Zum Impressum geht es hier: <a href=\"https:\/\/followthescore.org\/mathe-mit-susi\/wp-admin\/post.php?post=519&amp;action=edit\">Impressum<\/a><\/p>\n\n\n\n<h2 class=\"wp-block-heading\">Fragen?<\/h2>\n\n\n\n<p>Mein PC fordert mich auf meine Plugins zu aktualisieren. Sollte ich das tun? Laufe ich Gefahr, dass meine Sachen dann nicht mehr funktionieren?<\/p>\n<div class=\"pvc_clear\"><\/div><p id=\"pvc_stats_233\" class=\"pvc_stats total_only  \" data-element-id=\"233\" style=\"\"><i class=\"pvc-stats-icon medium\" aria-hidden=\"true\"><svg aria-hidden=\"true\" focusable=\"false\" data-prefix=\"far\" data-icon=\"chart-bar\" role=\"img\" xmlns=\"http:\/\/www.w3.org\/2000\/svg\" viewBox=\"0 0 512 512\" class=\"svg-inline--fa fa-chart-bar fa-w-16 fa-2x\"><path fill=\"currentColor\" d=\"M396.8 352h22.4c6.4 0 12.8-6.4 12.8-12.8V108.8c0-6.4-6.4-12.8-12.8-12.8h-22.4c-6.4 0-12.8 6.4-12.8 12.8v230.4c0 6.4 6.4 12.8 12.8 12.8zm-192 0h22.4c6.4 0 12.8-6.4 12.8-12.8V140.8c0-6.4-6.4-12.8-12.8-12.8h-22.4c-6.4 0-12.8 6.4-12.8 12.8v198.4c0 6.4 6.4 12.8 12.8 12.8zm96 0h22.4c6.4 0 12.8-6.4 12.8-12.8V204.8c0-6.4-6.4-12.8-12.8-12.8h-22.4c-6.4 0-12.8 6.4-12.8 12.8v134.4c0 6.4 6.4 12.8 12.8 12.8zM496 400H48V80c0-8.84-7.16-16-16-16H16C7.16 64 0 71.16 0 80v336c0 17.67 14.33 32 32 32h464c8.84 0 16-7.16 16-16v-16c0-8.84-7.16-16-16-16zm-387.2-48h22.4c6.4 0 12.8-6.4 12.8-12.8v-70.4c0-6.4-6.4-12.8-12.8-12.8h-22.4c-6.4 0-12.8 6.4-12.8 12.8v70.4c0 6.4 6.4 12.8 12.8 12.8z\" class=\"\"><\/path><\/svg><\/i> <img loading=\"lazy\" decoding=\"async\" width=\"16\" height=\"16\" alt=\"Loading\" src=\"https:\/\/followthescore.org\/mathe-mit-susi\/wp-content\/plugins\/page-views-count\/ajax-loader-2x.gif\" border=0 \/><\/p><div class=\"pvc_clear\"><\/div>","protected":false},"excerpt":{"rendered":"<p>Vorab ein Zeitungsartikel \u00fcber unsere Homepage, der am 9.4. in der Wetterauer Zeitung erschien: Im Folgenden erkl\u00e4ren wir auf dieser Seite, wie diese Website funktioniert. Plattform Wir benutzen WordPress als technische Plattform f\u00fcr diese Website. WordPress ist ein sehr popul\u00e4res System f\u00fcr die Ver\u00f6ffentlichung von Blogs. In unserem Fall beschreiben die einzelnen Beitr\u00e4ge (oder &#8222;Posts&#8220;)&#8230;<\/p>\n<div class=\"pvc_clear\"><\/div>\n<p id=\"pvc_stats_233\" class=\"pvc_stats total_only  \" data-element-id=\"233\" style=\"\"><i class=\"pvc-stats-icon medium\" aria-hidden=\"true\"><svg aria-hidden=\"true\" focusable=\"false\" data-prefix=\"far\" data-icon=\"chart-bar\" role=\"img\" xmlns=\"http:\/\/www.w3.org\/2000\/svg\" viewBox=\"0 0 512 512\" class=\"svg-inline--fa fa-chart-bar fa-w-16 fa-2x\"><path fill=\"currentColor\" d=\"M396.8 352h22.4c6.4 0 12.8-6.4 12.8-12.8V108.8c0-6.4-6.4-12.8-12.8-12.8h-22.4c-6.4 0-12.8 6.4-12.8 12.8v230.4c0 6.4 6.4 12.8 12.8 12.8zm-192 0h22.4c6.4 0 12.8-6.4 12.8-12.8V140.8c0-6.4-6.4-12.8-12.8-12.8h-22.4c-6.4 0-12.8 6.4-12.8 12.8v198.4c0 6.4 6.4 12.8 12.8 12.8zm96 0h22.4c6.4 0 12.8-6.4 12.8-12.8V204.8c0-6.4-6.4-12.8-12.8-12.8h-22.4c-6.4 0-12.8 6.4-12.8 12.8v134.4c0 6.4 6.4 12.8 12.8 12.8zM496 400H48V80c0-8.84-7.16-16-16-16H16C7.16 64 0 71.16 0 80v336c0 17.67 14.33 32 32 32h464c8.84 0 16-7.16 16-16v-16c0-8.84-7.16-16-16-16zm-387.2-48h22.4c6.4 0 12.8-6.4 12.8-12.8v-70.4c0-6.4-6.4-12.8-12.8-12.8h-22.4c-6.4 0-12.8 6.4-12.8 12.8v70.4c0 6.4 6.4 12.8 12.8 12.8z\" class=\"\"><\/path><\/svg><\/i> <img loading=\"lazy\" decoding=\"async\" width=\"16\" height=\"16\" alt=\"Loading\" src=\"https:\/\/followthescore.org\/mathe-mit-susi\/wp-content\/plugins\/page-views-count\/ajax-loader-2x.gif\" border=0 \/><\/p>\n<div class=\"pvc_clear\"><\/div>\n","protected":false},"author":1,"featured_media":0,"parent":0,"menu_order":17,"comment_status":"closed","ping_status":"closed","template":"","meta":{"_mc_calendar":[],"footnotes":""},"class_list":["post-233","page","type-page","status-publish","hentry"],"_links":{"self":[{"href":"https:\/\/followthescore.org\/mathe-mit-susi\/wp-json\/wp\/v2\/pages\/233","targetHints":{"allow":["GET"]}}],"collection":[{"href":"https:\/\/followthescore.org\/mathe-mit-susi\/wp-json\/wp\/v2\/pages"}],"about":[{"href":"https:\/\/followthescore.org\/mathe-mit-susi\/wp-json\/wp\/v2\/types\/page"}],"author":[{"embeddable":true,"href":"https:\/\/followthescore.org\/mathe-mit-susi\/wp-json\/wp\/v2\/users\/1"}],"replies":[{"embeddable":true,"href":"https:\/\/followthescore.org\/mathe-mit-susi\/wp-json\/wp\/v2\/comments?post=233"}],"version-history":[{"count":21,"href":"https:\/\/followthescore.org\/mathe-mit-susi\/wp-json\/wp\/v2\/pages\/233\/revisions"}],"predecessor-version":[{"id":523,"href":"https:\/\/followthescore.org\/mathe-mit-susi\/wp-json\/wp\/v2\/pages\/233\/revisions\/523"}],"wp:attachment":[{"href":"https:\/\/followthescore.org\/mathe-mit-susi\/wp-json\/wp\/v2\/media?parent=233"}],"curies":[{"name":"wp","href":"https:\/\/api.w.org\/{rel}","templated":true}]}}